{"id":1697,"date":"2023-07-14T16:29:46","date_gmt":"2023-07-14T14:29:46","guid":{"rendered":"https:\/\/www.mattmarkblick.ch\/?page_id=1697"},"modified":"2023-07-14T21:35:20","modified_gmt":"2023-07-14T19:35:20","slug":"conditions-generales-de-vente","status":"publish","type":"page","link":"https:\/\/www.mattmarkblick.ch\/fr\/conditions-generales-de-vente\/","title":{"rendered":"Conditions g\u00e9n\u00e9rales de vente"},"content":{"rendered":"[av_section min_height='' min_height_pc='25' min_height_px='500px' shadow='no-border-styling' bottom_border='no-border-styling' bottom_border_diagonal_color='#333333' bottom_border_diagonal_direction='' bottom_border_style='' padding='default' margin='' custom_margin='0px' av-desktop-custom_margin='' av-medium-custom_margin='' av-small-custom_margin='' av-mini-custom_margin='' svg_div_top='' svg_div_top_color='#333333' svg_div_top_width='100' svg_div_top_height='50' svg_div_top_max_height='none' svg_div_top_flip='' svg_div_top_invert='' svg_div_top_front='' svg_div_top_opacity='' svg_div_top_preview='' svg_div_bottom='' svg_div_bottom_color='#333333' svg_div_bottom_width='100' svg_div_bottom_height='50' svg_div_bottom_max_height='none' svg_div_bottom_flip='' svg_div_bottom_invert='' svg_div_bottom_front='' svg_div_bottom_opacity='' svg_div_bottom_preview='' color='main_color' background='bg_color' custom_bg='' background_gradient_direction='vertical' background_gradient_color1='#000000' background_gradient_color2='#ffffff' background_gradient_color3='' src='' attach='scroll' position='top left' repeat='no-repeat' video='' video_ratio='16:9' video_mobile_disabled='' overlay_enable='' overlay_opacity='0.5' overlay_color='' overlay_pattern='' overlay_custom_pattern='' scroll_down='' custom_arrow_bg='' css_position_z_index='' av-desktop-css_position_z_index='' av-medium-css_position_z_index='' av-small-css_position_z_index='' av-mini-css_position_z_index='' av-desktop-hide='' av-medium-hide='' av-small-hide='' av-mini-hide='' id='' custom_class='' template_class='' aria_label='' av_element_hidden_in_editor='0' av_uid='av-4lpm33' sc_version='1.0']\r\n\r\n[av_textblock textblock_styling_align='' textblock_styling='' textblock_styling_gap='' textblock_styling_mobile='' size='' av-desktop-font-size='' av-medium-font-size='' av-small-font-size='' av-mini-font-size='' font_color='' color='' id='' custom_class='.textblock-morph-responsive' template_class='' av_uid='av-2exyr3' sc_version='1.0' admin_preview_bg='']\r\n<h1>Conditions g\u00e9n\u00e9rales de vente<\/h1>\r\nLes pr\u00e9sentes conditions de vente - ci-apr\u00e8s d\u00e9nomm\u00e9es CGV - s'appliquent \u00e0 la mise \u00e0 disposition temporaire et payante de chambres d'h\u00f4tel \u00e0 des fins d'h\u00e9bergement ainsi qu'\u00e0 toutes les prestations et livraisons effectu\u00e9es dans ce contexte, y compris les \u00e9ventuelles prestations pr\u00e9alables en faveur du client h\u00e9berg\u00e9.\r\n<h2>Heures d'ouverture, service et offres sp\u00e9ciales<\/h2>\r\nL'h\u00f4tel-restaurant Mattmarkblick est ouvert de d\u00e9but juin \u00e0 mi-octobre et de mi-d\u00e9cembre au lundi de P\u00e2ques de l'ann\u00e9e suivante.\r\n\r\nToutes les chambres sont \u00e9quip\u00e9es d'une douche ou d'une baignoire, de WC, d'un s\u00e8che-cheveux, d'un coffre-fort et d'une t\u00e9l\u00e9vision \u00e0 \u00e9cran plat par satellite ; parking gratuit pour les v\u00e9hicules des h\u00f4tes et les cars.\r\n\r\nNous proposons un buffet de produits r\u00e9gionaux pour le petit-d\u00e9jeuner, un menu \u00e0 cinq plats au choix pour le d\u00eener ainsi qu'un buffet de salades fra\u00eechement pr\u00e9par\u00e9es.\r\n<h2>Check-in, retrait des chambres, check-out<\/h2>\r\nLe check-in est possible au restaurant Mattmarkblick de 8 \u00e0 21 heures.\r\n\r\nLa chambre r\u00e9serv\u00e9e peut \u00eatre occup\u00e9e \u00e0 partir de 14 heures. Si vous arrivez plus t\u00f4t, vous pouvez d\u00e9poser vos bagages \u00e0 l'h\u00f4tel.\r\n\r\nLe check-out le jour du d\u00e9part doit \u00eatre effectu\u00e9 au plus tard \u00e0 10 heures.\r\n<h2><strong>Annulation<\/strong><\/h2>\r\nVous pouvez annuler votre r\u00e9servation sans frais jusqu'\u00e0 14 jours avant la date d'arriv\u00e9e r\u00e9serv\u00e9e. Pass\u00e9 ce d\u00e9lai, la totalit\u00e9 du montant doit \u00eatre vers\u00e9e.\r\n<h2>Tarifs<\/h2>\r\nSauf mention contraire, les prix indiqu\u00e9s s'entendent par personne et par jour, TVA comprise.\r\n<h2>Taxe de s\u00e9jour avec la SaastalCard<\/h2>\r\n<h3>\u00c9t\u00e9<\/h3>\r\nUtilisation gratuite des cars postaux et de toutes les remont\u00e9es m\u00e9caniques dans toute la vall\u00e9e de Saas, sauf Metro Alpin (possible avec suppl\u00e9ment \u00e0 partir de la station Felskinn).\r\n<h3>Hiver<\/h3>\r\nUtilisation gratuite des cars postaux et du ski-bus dans toute la vall\u00e9e de Saas.\r\n<h2>Paiement<\/h2>\r\nA l'avance ou au plus tard lors de votre d\u00e9part, en esp\u00e8ces, en francs suisses ou en EURO au cours du jour. Nous acceptons \u00e9galement les ch\u00e8ques Reka, WIR, les cartes de cr\u00e9dit et la PostCard.\r\n\r\n<strong>Donn\u00e9es du compte :\r\n<\/strong>CH23 0839 1783 8563 1180 0\r\nMattmarkblick GmbH\r\nBanque WIR B\u00e2le\r\n\r\nSwift Code: WIRBCHBB\r\npour les virements de l'\u00e9tranger et les paiements SEPA.\r\n<h2>R\u00e9ductions<\/h2>\r\n<h3><strong>pour les enfants et les jeunes\r\n<\/strong><\/h3>\r\n<ul>\r\n \t<li>jusqu'\u00e0 2 ans gratuit<\/li>\r\n \t<li>2 - 6 ans 50 %<\/li>\r\n \t<li>6 - 12 ans 30 %<\/li>\r\n \t<li>12 - 16 ans 20 %<\/li>\r\n \t<li>pour les jeunes \u00e0 partir de 16 ans, les prix normaux s'appliquent<\/li>\r\n<\/ul>\r\n<h3>pour les groupes<\/h3>\r\nSur votre demande, nous vous ferons volontiers une offre.\r\n<h2>Suppl\u00e9ments<\/h2>\r\n<ul>\r\n \t<li>Chambre double \u00e0 usage individuel CHF 25 par jour<\/li>\r\n \t<li>Taxe de s\u00e9jour \u00e9t\u00e9 :\r\nAdultes \u00e0 partir de 16 ans CHF 11 par jour\r\nEnfants d\u00e8s 6 ans CHF 5.50 par jour<\/li>\r\n \t<li>Taxe de s\u00e9jour hiver :\r\nAdultes d\u00e8s 16 ans CHF 7 par jour\r\nenfants \u00e0 partir de 6 ans CHF 3.50 par jour<\/li>\r\n \t<li>Pension compl\u00e8te CHF 25 par personne et jour<\/li>\r\n \t<li>Chiens CHF 10 par chien et jour ; sans nourriture<\/li>\r\n<\/ul>\r\n[\/av_textblock]\r\n\r\n[\/av_section]\n[av_section min_height='' min_height_pc='25' min_height_px='500px' shadow='no-border-styling' bottom_border='no-border-styling' bottom_border_diagonal_color='#333333' bottom_border_diagonal_direction='' bottom_border_style='' padding='default' custom_margin='0px' custom_margin_sync='true' av-desktop-custom_margin='' av-desktop-custom_margin_sync='true' av-medium-custom_margin='' av-medium-custom_margin_sync='true' av-small-custom_margin='' av-small-custom_margin_sync='true' av-mini-custom_margin='' av-mini-custom_margin_sync='true' svg_div_top='' svg_div_top_color='#333333' svg_div_top_width='100' svg_div_top_height='50' svg_div_top_max_height='none' svg_div_top_opacity='' svg_div_bottom='' svg_div_bottom_color='#333333' svg_div_bottom_width='100' svg_div_bottom_height='50' svg_div_bottom_max_height='none' svg_div_bottom_opacity='' color='alternate_color' background='bg_color' custom_bg='' background_gradient_direction='vertical' background_gradient_color1='#000000' background_gradient_color2='#ffffff' background_gradient_color3='' src='' attachment='' attachment_size='' attach='scroll' position='top left' repeat='no-repeat' video='' video_ratio='16:9' overlay_opacity='0.5' overlay_color='' overlay_pattern='' overlay_custom_pattern='' custom_arrow_bg='' css_position_z_index='' av-desktop-css_position_z_index='' av-medium-css_position_z_index='' av-small-css_position_z_index='' av-mini-css_position_z_index='' id='myfooterpage' custom_class='' template_class='' aria_label='' av_element_hidden_in_editor='0' av_uid='av-jcm8y' sc_version='1.0']\r\n\r\n[av_one_fourth first min_height='' vertical_alignment='av-align-top' space='' row_boxshadow='' row_boxshadow_width='10' row_boxshadow_color='' custom_margin='' margin='0px' av-desktop-margin='' av-medium-margin='' av-small-margin='' av-mini-margin='' mobile_breaking='' mobile_column_order='' border='' border_style='solid' border_color='' radius='' min_col_height='' padding='' av-desktop-padding='' av-medium-padding='' av-small-padding='' av-mini-padding='' svg_div_top='' svg_div_top_color='#333333' svg_div_top_width='100' svg_div_top_height='50' svg_div_top_max_height='none' svg_div_top_flip='' svg_div_top_invert='' svg_div_top_front='' svg_div_top_opacity='' svg_div_top_preview='' svg_div_bottom='' svg_div_bottom_color='#333333' svg_div_bottom_width='100' svg_div_bottom_height='50' svg_div_bottom_max_height='none' svg_div_bottom_flip='' svg_div_bottom_invert='' svg_div_bottom_front='' svg_div_bottom_opacity='' svg_div_bottom_preview='' column_boxshadow='' column_boxshadow_width='10' column_boxshadow_color='' background='bg_color' background_color='' background_gradient_direction='vertical' background_gradient_color1='#000000' background_gradient_color2='#ffffff' background_gradient_color3='' src='' background_position='top left' background_repeat='no-repeat' highlight='' highlight_size='' animation='' animation_duration='' animation_custom_bg_color='' animation_z_index_curtain='100' parallax_parallax='' parallax_parallax_speed='' av-desktop-parallax_parallax='' av-desktop-parallax_parallax_speed='' av-medium-parallax_parallax='' av-medium-parallax_parallax_speed='' av-small-parallax_parallax='' av-small-parallax_parallax_speed='' av-mini-parallax_parallax='' av-mini-parallax_parallax_speed='' css_position='' css_position_location='' css_position_z_index='' av-desktop-css_position='' av-desktop-css_position_location='' av-desktop-css_position_z_index='' av-medium-css_position='' av-medium-css_position_location='' av-medium-css_position_z_index='' av-small-css_position='' av-small-css_position_location='' av-small-css_position_z_index='' av-mini-css_position='' av-mini-css_position_location='' av-mini-css_position_z_index='' link='' linktarget='' link_hover='' title_attr='' alt_attr='' mobile_display='' mobile_col_pos='0' id='' custom_class='' template_class='' aria_label='' av_uid='av-d27sa' sc_version='1.0']\r\n\r\n[av_textblock textblock_styling_align='' textblock_styling='' textblock_styling_gap='' textblock_styling_mobile='' size='' av-desktop-font-size='' av-medium-font-size='' av-small-font-size='' av-mini-font-size='' font_color='' color='' id='' custom_class='' template_class='' av_uid='av-mps4q' sc_version='1.0' admin_preview_bg='']\r\nH\u00f4tel Mattmarkblick\r\nTalstrasse 129\r\n3905 Saas-Almagell\r\n[\/av_textblock]\r\n\r\n[av_textblock textblock_styling_align='' textblock_styling='' textblock_styling_gap='' textblock_styling_mobile='' size='' av-desktop-font-size='' av-medium-font-size='' av-small-font-size='' av-mini-font-size='' font_color='' color='' id='' custom_class='tb-footer-standardlinks' template_class='' av_uid='av-ljd0g2xx' sc_version='1.0' admin_preview_bg='']\r\n<a href=\"tel:+41279573040\">+41 27 957 30 40<\/a>\r\n\r\n<a href=\"mailto:info@mattmarkblick.ch\">info@mattmarkblick.ch<\/a>\r\n[\/av_textblock]\r\n\r\n[\/av_one_fourth][av_one_fourth min_height='' vertical_alignment='av-align-top' space='' row_boxshadow='' row_boxshadow_width='10' row_boxshadow_color='' custom_margin='' margin='0px' av-desktop-margin='' av-medium-margin='' av-small-margin='' av-mini-margin='' mobile_breaking='' mobile_column_order='' border='' border_style='solid' border_color='' radius='' min_col_height='' padding='' av-desktop-padding='' av-medium-padding='' av-small-padding='' av-mini-padding='' svg_div_top='' svg_div_top_color='#333333' svg_div_top_width='100' svg_div_top_height='50' svg_div_top_max_height='none' svg_div_top_flip='' svg_div_top_invert='' svg_div_top_front='' svg_div_top_opacity='' svg_div_top_preview='' svg_div_bottom='' svg_div_bottom_color='#333333' svg_div_bottom_width='100' svg_div_bottom_height='50' svg_div_bottom_max_height='none' svg_div_bottom_flip='' svg_div_bottom_invert='' svg_div_bottom_front='' svg_div_bottom_opacity='' svg_div_bottom_preview='' column_boxshadow='' column_boxshadow_width='10' column_boxshadow_color='' background='bg_color' background_color='' background_gradient_direction='vertical' background_gradient_color1='#000000' background_gradient_color2='#ffffff' background_gradient_color3='' src='' background_position='top left' background_repeat='no-repeat' highlight='' highlight_size='' animation='' animation_duration='' animation_custom_bg_color='' animation_z_index_curtain='100' parallax_parallax='' parallax_parallax_speed='' av-desktop-parallax_parallax='' av-desktop-parallax_parallax_speed='' av-medium-parallax_parallax='' av-medium-parallax_parallax_speed='' av-small-parallax_parallax='' av-small-parallax_parallax_speed='' av-mini-parallax_parallax='' av-mini-parallax_parallax_speed='' css_position='' css_position_location='' css_position_z_index='' av-desktop-css_position='' av-desktop-css_position_location='' av-desktop-css_position_z_index='' av-medium-css_position='' av-medium-css_position_location='' av-medium-css_position_z_index='' av-small-css_position='' av-small-css_position_location='' av-small-css_position_z_index='' av-mini-css_position='' av-mini-css_position_location='' av-mini-css_position_z_index='' link='' linktarget='' link_hover='' title_attr='' alt_attr='' mobile_display='' mobile_col_pos='0' id='' custom_class='' template_class='' aria_label='' av_uid='av-8jhre' sc_version='1.0']\r\n\r\n[av_sidebar widget_area='footer menue' av_uid='av-6tf6y']\r\n\r\n[\/av_one_fourth][av_one_half min_height='' vertical_alignment='av-align-top' space='' row_boxshadow_width='10' row_boxshadow_color='' margin='0px' margin_sync='true' av-desktop-margin='' av-desktop-margin_sync='true' av-medium-margin='' av-medium-margin_sync='true' av-small-margin='' av-small-margin_sync='true' av-mini-margin='' av-mini-margin_sync='true' mobile_breaking='' mobile_column_order='' border='' border_style='solid' border_color='' radius='' radius_sync='true' min_col_height='' padding='' padding_sync='true' av-desktop-padding='' av-desktop-padding_sync='true' av-medium-padding='' av-medium-padding_sync='true' av-small-padding='' av-small-padding_sync='true' av-mini-padding='' av-mini-padding_sync='true' svg_div_top='' svg_div_top_color='#333333' svg_div_top_width='100' svg_div_top_height='50' svg_div_top_max_height='none' svg_div_top_opacity='' svg_div_bottom='' svg_div_bottom_color='#333333' svg_div_bottom_width='100' svg_div_bottom_height='50' svg_div_bottom_max_height='none' svg_div_bottom_opacity='' column_boxshadow_width='10' column_boxshadow_color='' background='bg_color' background_color='' background_gradient_direction='vertical' background_gradient_color1='#000000' background_gradient_color2='#ffffff' background_gradient_color3='' src='' attachment='' attachment_size='' background_position='top left' background_repeat='no-repeat' highlight_size='1.1' animation='' animation_duration='' animation_custom_bg_color='' animation_z_index_curtain='100' parallax_parallax='' parallax_parallax_speed='' av-desktop-parallax_parallax='' av-desktop-parallax_parallax_speed='' av-medium-parallax_parallax='' av-medium-parallax_parallax_speed='' av-small-parallax_parallax='' av-small-parallax_parallax_speed='' av-mini-parallax_parallax='' av-mini-parallax_parallax_speed='' css_position='' css_position_location=',,,' css_position_z_index='' av-desktop-css_position='' av-desktop-css_position_location=',,,' av-desktop-css_position_z_index='' av-medium-css_position='' av-medium-css_position_location=',,,' av-medium-css_position_z_index='' av-small-css_position='' av-small-css_position_location=',,,' av-small-css_position_z_index='' av-mini-css_position='' av-mini-css_position_location=',,,' av-mini-css_position_z_index='' link='manually,#top' linktarget='' link_hover='' title_attr='' alt_attr='' mobile_display='' mobile_col_pos='0' id='' custom_class='' template_class='' aria_label='' av_uid='av-6m4ui' sc_version='1.0']\r\n\r\n[av_image src='https:\/\/www.mattmarkblick.ch\/wp-content\/uploads\/logo-mattmarkblick-saastal.svg' attachment='430' attachment_size='medium' copyright='' caption='' image_size='' styling='' box_shadow='none' box_shadow_width='10' box_shadow_color='' align='center' font_size='' overlay_opacity='0.4' overlay_color='#000000' overlay_text_color='#ffffff' link='' target='' animation='no-animation' animation_duration='' animation_custom_bg_color='' animation_z_index_curtain='100' parallax_parallax='' parallax_parallax_speed='' av-desktop-parallax_parallax='' av-desktop-parallax_parallax_speed='' av-medium-parallax_parallax='' av-medium-parallax_parallax_speed='' av-small-parallax_parallax='' av-small-parallax_parallax_speed='' av-mini-parallax_parallax='' av-mini-parallax_parallax_speed='' hover='' blur_image='' grayscale_image='' fade_image='' appearance='' css_position='' css_position_location=',,,' css_position_z_index='' av-desktop-css_position='' av-desktop-css_position_location=',,,' av-desktop-css_position_z_index='' av-medium-css_position='' av-medium-css_position_location=',,,' av-medium-css_position_z_index='' av-small-css_position='' av-small-css_position_location=',,,' av-small-css_position_z_index='' av-mini-css_position='' av-mini-css_position_location=',,,' av-mini-css_position_z_index='' transform_perspective='' transform_rotation=',,,' transform_scale=',,' transform_skew=',' transform_translate=',,' av-desktop-transform_perspective='' av-desktop-transform_rotation=',,,' av-desktop-transform_scale=',,' av-desktop-transform_skew=',' av-desktop-transform_translate=',,' av-medium-transform_perspective='' av-medium-transform_rotation=',,,' av-medium-transform_scale=',,' av-medium-transform_skew=',' av-medium-transform_translate=',,' av-small-transform_perspective='' av-small-transform_rotation=',,,' av-small-transform_scale=',,' av-small-transform_skew=',' av-small-transform_translate=',,' av-mini-transform_perspective='' av-mini-transform_rotation=',,,' av-mini-transform_scale=',,' av-mini-transform_skew=',' av-mini-transform_translate=',,' mask_overlay='' mask_overlay_shape='blob' mask_overlay_size='contain' mask_overlay_scale='100%' mask_overlay_position='center center' mask_overlay_repeat='no-repeat' mask_overlay_rotate='' mask_overlay_rad_shape='circle' mask_overlay_rad_position='center center' mask_overlay_opacity1='0' mask_overlay_opacity2='1' mask_overlay_opacity3='' title_attr='' alt_attr='' img_scrset='' lazy_loading='disabled' id='' custom_class='' template_class='' av_element_hidden_in_editor='0' av_uid='av-6ocbm' sc_version='1.0' admin_preview_bg=''][\/av_image]\r\n\r\n[\/av_one_half][\/av_section]\n","protected":false},"excerpt":{"rendered":"","protected":false},"author":2,"featured_media":0,"parent":0,"menu_order":0,"comment_status":"closed","ping_status":"closed","template":"","meta":{"footnotes":"","_links_to":"","_links_to_target":""},"class_list":["post-1697","page","type-page","status-publish","hentry"],"yoast_head":"<!-- This site is optimized with the Yoast SEO plugin v27.3 - https:\/\/yoast.com\/product\/yoast-seo-wordpress\/ -->\n<title>Conditions g\u00e9n\u00e9rales de vente - Hotel Mattmarkblick in Saas-Almagell Saastal<\/title>\n<meta name=\"robots\" content=\"index, follow, max-snippet:-1, max-image-preview:large, max-video-preview:-1\" \/>\n<link rel=\"canonical\" href=\"https:\/\/www.mattmarkblick.ch\/fr\/conditions-generales-de-vente\/\" \/>\n<meta property=\"og:locale\" content=\"fr_FR\" \/>\n<meta property=\"og:type\" content=\"article\" \/>\n<meta property=\"og:title\" content=\"Conditions g\u00e9n\u00e9rales de vente - Hotel Mattmarkblick in Saas-Almagell Saastal\" \/>\n<meta property=\"og:url\" content=\"https:\/\/www.mattmarkblick.ch\/fr\/conditions-generales-de-vente\/\" \/>\n<meta property=\"og:site_name\" content=\"Hotel Mattmarkblick in Saas-Almagell Saastal\" \/>\n<meta property=\"article:modified_time\" content=\"2023-07-14T19:35:20+00:00\" \/>\n<meta name=\"twitter:card\" content=\"summary_large_image\" \/>\n<meta name=\"twitter:label1\" content=\"Dur\u00e9e de lecture estim\u00e9e\" \/>\n\t<meta name=\"twitter:data1\" content=\"1 minute\" \/>\n<script type=\"application\/ld+json\" class=\"yoast-schema-graph\">{\"@context\":\"https:\\\/\\\/schema.org\",\"@graph\":[{\"@type\":\"WebPage\",\"@id\":\"https:\\\/\\\/www.mattmarkblick.ch\\\/fr\\\/conditions-generales-de-vente\\\/\",\"url\":\"https:\\\/\\\/www.mattmarkblick.ch\\\/fr\\\/conditions-generales-de-vente\\\/\",\"name\":\"Conditions g\u00e9n\u00e9rales de vente - Hotel Mattmarkblick in Saas-Almagell Saastal\",\"isPartOf\":{\"@id\":\"https:\\\/\\\/www.mattmarkblick.ch\\\/fr\\\/#website\"},\"datePublished\":\"2023-07-14T14:29:46+00:00\",\"dateModified\":\"2023-07-14T19:35:20+00:00\",\"breadcrumb\":{\"@id\":\"https:\\\/\\\/www.mattmarkblick.ch\\\/fr\\\/conditions-generales-de-vente\\\/#breadcrumb\"},\"inLanguage\":\"fr-FR\",\"potentialAction\":[{\"@type\":\"ReadAction\",\"target\":[\"https:\\\/\\\/www.mattmarkblick.ch\\\/fr\\\/conditions-generales-de-vente\\\/\"]}]},{\"@type\":\"BreadcrumbList\",\"@id\":\"https:\\\/\\\/www.mattmarkblick.ch\\\/fr\\\/conditions-generales-de-vente\\\/#breadcrumb\",\"itemListElement\":[{\"@type\":\"ListItem\",\"position\":1,\"name\":\"Startseite\",\"item\":\"https:\\\/\\\/www.mattmarkblick.ch\\\/fr\\\/hotel-restaurant-mattmarkblick\\\/\"},{\"@type\":\"ListItem\",\"position\":2,\"name\":\"Conditions g\u00e9n\u00e9rales de vente\"}]},{\"@type\":\"WebSite\",\"@id\":\"https:\\\/\\\/www.mattmarkblick.ch\\\/fr\\\/#website\",\"url\":\"https:\\\/\\\/www.mattmarkblick.ch\\\/fr\\\/\",\"name\":\"Hotel Restaurant Mattmarkblick in Saas-Almagell Saastal\",\"description\":\"Einmalig freundlich und famili\u00e4r\",\"publisher\":{\"@id\":\"https:\\\/\\\/www.mattmarkblick.ch\\\/fr\\\/#organization\"},\"potentialAction\":[{\"@type\":\"SearchAction\",\"target\":{\"@type\":\"EntryPoint\",\"urlTemplate\":\"https:\\\/\\\/www.mattmarkblick.ch\\\/fr\\\/?s={search_term_string}\"},\"query-input\":{\"@type\":\"PropertyValueSpecification\",\"valueRequired\":true,\"valueName\":\"search_term_string\"}}],\"inLanguage\":\"fr-FR\"},{\"@type\":\"Organization\",\"@id\":\"https:\\\/\\\/www.mattmarkblick.ch\\\/fr\\\/#organization\",\"name\":\"Hotel Restaurant Mattmarkblick in Saas-Almagell Saastal\",\"url\":\"https:\\\/\\\/www.mattmarkblick.ch\\\/fr\\\/\",\"logo\":{\"@type\":\"ImageObject\",\"inLanguage\":\"fr-FR\",\"@id\":\"https:\\\/\\\/www.mattmarkblick.ch\\\/fr\\\/#\\\/schema\\\/logo\\\/image\\\/\",\"url\":\"https:\\\/\\\/www.mattmarkblick.ch\\\/wp-content\\\/uploads\\\/logo-mattmarkblick-v02.svg\",\"contentUrl\":\"https:\\\/\\\/www.mattmarkblick.ch\\\/wp-content\\\/uploads\\\/logo-mattmarkblick-v02.svg\",\"width\":392,\"height\":342,\"caption\":\"Hotel Restaurant Mattmarkblick in Saas-Almagell Saastal\"},\"image\":{\"@id\":\"https:\\\/\\\/www.mattmarkblick.ch\\\/fr\\\/#\\\/schema\\\/logo\\\/image\\\/\"}}]}<\/script>\n<!-- \/ Yoast SEO plugin. -->","yoast_head_json":{"title":"Conditions g\u00e9n\u00e9rales de vente - Hotel Mattmarkblick in Saas-Almagell Saastal","robots":{"index":"index","follow":"follow","max-snippet":"max-snippet:-1","max-image-preview":"max-image-preview:large","max-video-preview":"max-video-preview:-1"},"canonical":"https:\/\/www.mattmarkblick.ch\/fr\/conditions-generales-de-vente\/","og_locale":"fr_FR","og_type":"article","og_title":"Conditions g\u00e9n\u00e9rales de vente - Hotel Mattmarkblick in Saas-Almagell Saastal","og_url":"https:\/\/www.mattmarkblick.ch\/fr\/conditions-generales-de-vente\/","og_site_name":"Hotel Mattmarkblick in Saas-Almagell Saastal","article_modified_time":"2023-07-14T19:35:20+00:00","twitter_card":"summary_large_image","twitter_misc":{"Dur\u00e9e de lecture estim\u00e9e":"1 minute"},"schema":{"@context":"https:\/\/schema.org","@graph":[{"@type":"WebPage","@id":"https:\/\/www.mattmarkblick.ch\/fr\/conditions-generales-de-vente\/","url":"https:\/\/www.mattmarkblick.ch\/fr\/conditions-generales-de-vente\/","name":"Conditions g\u00e9n\u00e9rales de vente - Hotel Mattmarkblick in Saas-Almagell Saastal","isPartOf":{"@id":"https:\/\/www.mattmarkblick.ch\/fr\/#website"},"datePublished":"2023-07-14T14:29:46+00:00","dateModified":"2023-07-14T19:35:20+00:00","breadcrumb":{"@id":"https:\/\/www.mattmarkblick.ch\/fr\/conditions-generales-de-vente\/#breadcrumb"},"inLanguage":"fr-FR","potentialAction":[{"@type":"ReadAction","target":["https:\/\/www.mattmarkblick.ch\/fr\/conditions-generales-de-vente\/"]}]},{"@type":"BreadcrumbList","@id":"https:\/\/www.mattmarkblick.ch\/fr\/conditions-generales-de-vente\/#breadcrumb","itemListElement":[{"@type":"ListItem","position":1,"name":"Startseite","item":"https:\/\/www.mattmarkblick.ch\/fr\/hotel-restaurant-mattmarkblick\/"},{"@type":"ListItem","position":2,"name":"Conditions g\u00e9n\u00e9rales de vente"}]},{"@type":"WebSite","@id":"https:\/\/www.mattmarkblick.ch\/fr\/#website","url":"https:\/\/www.mattmarkblick.ch\/fr\/","name":"Hotel Restaurant Mattmarkblick in Saas-Almagell Saastal","description":"Einmalig freundlich und famili\u00e4r","publisher":{"@id":"https:\/\/www.mattmarkblick.ch\/fr\/#organization"},"potentialAction":[{"@type":"SearchAction","target":{"@type":"EntryPoint","urlTemplate":"https:\/\/www.mattmarkblick.ch\/fr\/?s={search_term_string}"},"query-input":{"@type":"PropertyValueSpecification","valueRequired":true,"valueName":"search_term_string"}}],"inLanguage":"fr-FR"},{"@type":"Organization","@id":"https:\/\/www.mattmarkblick.ch\/fr\/#organization","name":"Hotel Restaurant Mattmarkblick in Saas-Almagell Saastal","url":"https:\/\/www.mattmarkblick.ch\/fr\/","logo":{"@type":"ImageObject","inLanguage":"fr-FR","@id":"https:\/\/www.mattmarkblick.ch\/fr\/#\/schema\/logo\/image\/","url":"https:\/\/www.mattmarkblick.ch\/wp-content\/uploads\/logo-mattmarkblick-v02.svg","contentUrl":"https:\/\/www.mattmarkblick.ch\/wp-content\/uploads\/logo-mattmarkblick-v02.svg","width":392,"height":342,"caption":"Hotel Restaurant Mattmarkblick in Saas-Almagell Saastal"},"image":{"@id":"https:\/\/www.mattmarkblick.ch\/fr\/#\/schema\/logo\/image\/"}}]}},"publishpress_future_action":{"enabled":false,"date":"2026-04-12 20:15:35","action":"change-status","newStatus":"draft","terms":[],"taxonomy":"translation_priority","extraData":[]},"publishpress_future_workflow_manual_trigger":{"enabledWorkflows":[]},"_links":{"self":[{"href":"https:\/\/www.mattmarkblick.ch\/fr\/wp-json\/wp\/v2\/pages\/1697","targetHints":{"allow":["GET"]}}],"collection":[{"href":"https:\/\/www.mattmarkblick.ch\/fr\/wp-json\/wp\/v2\/pages"}],"about":[{"href":"https:\/\/www.mattmarkblick.ch\/fr\/wp-json\/wp\/v2\/types\/page"}],"author":[{"embeddable":true,"href":"https:\/\/www.mattmarkblick.ch\/fr\/wp-json\/wp\/v2\/users\/2"}],"replies":[{"embeddable":true,"href":"https:\/\/www.mattmarkblick.ch\/fr\/wp-json\/wp\/v2\/comments?post=1697"}],"version-history":[{"count":4,"href":"https:\/\/www.mattmarkblick.ch\/fr\/wp-json\/wp\/v2\/pages\/1697\/revisions"}],"predecessor-version":[{"id":1701,"href":"https:\/\/www.mattmarkblick.ch\/fr\/wp-json\/wp\/v2\/pages\/1697\/revisions\/1701"}],"wp:attachment":[{"href":"https:\/\/www.mattmarkblick.ch\/fr\/wp-json\/wp\/v2\/media?parent=1697"}],"curies":[{"name":"wp","href":"https:\/\/api.w.org\/{rel}","templated":true}]}}